{"id":3061,"date":"2024-08-27T17:51:23","date_gmt":"2024-08-27T15:51:23","guid":{"rendered":"https:\/\/misericordia.attivamultimedia.com\/?page_id=3061"},"modified":"2024-08-27T18:08:50","modified_gmt":"2024-08-27T16:08:50","slug":"privacy-policy","status":"publish","type":"page","link":"https:\/\/www.misericordiadivenezia.it\/it\/privacy-policy\/","title":{"rendered":"Privacy Policy"},"content":{"rendered":"\t\t<div data-elementor-type=\"wp-page\" data-elementor-id=\"3061\" class=\"elementor elementor-3061\" data-elementor-post-type=\"page\">\n\t\t\t\t<div class=\"elementor-element elementor-element-05b84a4 e-con-full e-flex e-con e-parent\" data-id=\"05b84a4\" data-element_type=\"container\" data-settings=\"{&quot;background_background&quot;:&quot;classic&quot;}\">\n\t\t<div class=\"elementor-element elementor-element-ebb92cc e-con-full e-flex e-con e-child\" data-id=\"ebb92cc\" data-element_type=\"container\">\n\t\t\t\t<div class=\"elementor-element elementor-element-edb21ed difference elementor-widget elementor-widget-heading\" data-id=\"edb21ed\" data-element_type=\"widget\" data-widget_type=\"heading.default\">\n\t\t\t\t<div class=\"elementor-widget-container\">\n\t\t\t\t\t<h2 class=\"elementor-heading-title elementor-size-default\"> Privacy Policy<\/h2>\t\t\t\t<\/div>\n\t\t\t\t<\/div>\n\t\t\t\t<div class=\"elementor-element elementor-element-d47a770 elementor-widget__width-initial elementor-widget elementor-widget-text-editor\" data-id=\"d47a770\" data-element_type=\"widget\" data-widget_type=\"text-editor.default\">\n\t\t\t\t<div class=\"elementor-widget-container\">\n\t\t\t\t\t\t\t\t\t<p>Poich\u00e9 il presente sito internet (di seguito, il \u201c<em>Sito<\/em>\u201d) \u00e8 utilizzato, oltre che come mezzo di informazione sulla societ\u00e0 <strong>SCUOLA DELLA MISERICORDIA DI VENEZIA S.p.A.<\/strong> (la &#8220;<em>Societ\u00e0<\/em>\u201d), anche come strumento di raccolta dati, l\u2019informativa \u00e8 resa anche ai sensi e per gli effetti dell\u2019art. 13 del Decreto Legislativo n. 196 del 30 giugno 2003 \u201cCodice in materia di protezione dei dati personali\u201d (il \u201c<em>Codice<\/em><span style=\"font-size: 16px;\">\u201d), <\/span>a coloro che si connettono all\u2019indirizzo:<\/p><div class=\"entry-content\"><p><a href=\"https:\/\/www.misericordiadivenezia.it\/\">https:\/\/www.misericordiadivenezia.it<\/a><\/p><p>\u00a0<\/p><p>Essa ha lo scopo di descrivere le modalit\u00e0 di gestione di questo Sito, in riferimento al trattamento dei dati personali degli utenti che lo consultano, oltre che di consentire agli utenti del Sito di conoscere le finalit\u00e0 e modalit\u00e0 di trattamento dei dati personali da parte della Societ\u00e0 in caso di loro conferimento. L\u2019informativa \u00e8 resa soltanto per il Sito sopra menzionato e non anche per altri siti web eventualmente consultati dall\u2019utente tramite appositi link.<\/p><p>L\u2019informativa si ispira anche alla Raccomandazione n. 2\/2001 che le autorit\u00e0 europee per la protezione dei dati personali, riunite nel Gruppo istituito dall\u2019art. 29 della direttiva n. 95\/46\/CE, hanno adottato il 17 maggio 2001 per individuare alcuni requisiti minimi per la raccolta di dati personali on-line, e, in particolare, le modalit\u00e0, i tempi e la natura delle informazioni che i titolari del trattamento devono fornire agli utenti quando questi si collegano a pagine web, indipendentemente dagli scopi del collegamento.<\/p><p>Si consiglia l\u2019utente di leggere accuratamente la presente policy, prima di procedere al conferimento di qualsiasi dato che lo riguardi.<\/p><p>La Privacy Policy di questo Sito sar\u00e0 soggetta ad aggiornamenti.<\/p><p>\u00a0<\/p><h3><strong>1. Tipologia di dati trattati e finalit\u00e0 dei trattamenti<\/strong><\/h3><p>La Societ\u00e0 pu\u00f2 raccogliere alcuni dati personali degli utenti, quali ad esempio User ID e password, nome, cognome e indirizzo e-mail, informazioni aggregate durante la navigazione del Sito, altri dati personali forniti volontariamente dall\u2019utente durante la fase di registrazione o in occasione della richiesta di beni o servizi offerti dal Sito ovvero di richiesta di informazioni inviata al Sito tramite e-mail.<\/p><p>Il Sito \u00e8 accessibile agli utenti senza necessit\u00e0 di conferimento dei propri dati personali. Tuttavia, alcune parti del Sito sono accessibili esclusivamente a utenti registrati.<\/p><p>\u00a0<\/p><p><strong>1.1. Dati di navigazione<\/strong><\/p><p>Il Sito web raccoglie informazioni tecniche relative all\u2019hardware e al software utilizzati dai visitatori, autonomamente attraverso l\u2019ausilio di strumenti per l\u2019analisi dei file di collegamento. Rientrano in questa categoria di dati, ad esempio, gli indirizzi IP, i nomi a dominio dei computer utilizzati dagli utenti che si connettono al Sito, gli indirizzi in notazione URI (<em>Uniform Resource Identifier<\/em>) delle risorse richieste, la fascia oraria della richiesta al server, il metodo utilizzato nel sottoporre la richiesta al server, la dimensione del file ottenuto in risposta, il codice numerico indicante lo stato della risposta data dal server ed altri parametri relativi al sistema operativo e all\u2019ambiente informatico dell\u2019utente.<\/p><p>Tali informazioni non forniscono dati personali dell\u2019utente, ma solo dati di carattere tecnico\/informatico che sono raccolti e utilizzati in maniera aggregata e anonima al solo scopo di migliorare la qualit\u00e0 del servizio e fornire statistiche concernenti l\u2019uso del Sito. I dati potrebbero, inoltre, essere utilizzati per l\u2019accertamento di responsabilit\u00e0 in caso di ipotetici reati informatici ai danni del Sito.<\/p><p>\u00a0<\/p><p><strong>1.2. Cookies<br \/><\/strong>I cookies sono dei file di testo che il Sito invia al browser del dispositivo utilizzato dall\u2019utente, al fine di memorizzare informazioni da riutilizzare nel corso della medesima visita al Sito (cookies di sessione) o in seguito, anche a distanza di giorni (cookies persistenti).<\/p><p>Esistono diverse tipologie di cookies. Si rinvia alla\u00a0<a href=\"https:\/\/www.misericordiadivenezia.it\/cookies-policy\">Cookies Policy<\/a>\u00a0per una conoscenza dettagliata della tipologia e finalit\u00e0 dei cookies utilizzati da questo Sito.<\/p><p>Altri siti web cui questo sito pu\u00f2 eventualmente \u201clinkare\u201d potrebbero contenere sistemi di tracciamento ai quali la Societ\u00e0 \u00e8 estranea. Non si garantisce che tali siti esterni siano dotati di idonei sistemi di sicurezza diretti a tutelare i dati trattati e a prevenire danni (ad es. da virus informatici).<\/p><p>Si precisa che l\u2019utente ha in ogni momento la facolt\u00e0 di impostare il proprio browser in modo da accettare tutti i cookies, solo alcuni, oppure rifiutarli. La mancata accettazione dei cookies, tuttavia, potrebbe comportare l\u2019impossibilit\u00e0 di erogazione del servizio nel caso di accesso ad alcune aree del Sito. Si ricorda, inoltre, che alla fine di ogni sessione di navigazione l\u2019utente potr\u00e0 in ogni caso cancellare dal proprio disco fisso sia la cache-memory di navigazione sia i cookies raccolti.<\/p><p>\u00a0<\/p><p><strong>1.3. Dati forniti volontariamente dall\u2019utente<br \/><\/strong>Si tratta dei casi in cui \u00e8 lo stesso utente a rilasciare sul Sito, previa lettura di informativa dettagliata, i propri dati personali per accedere a determinati servizi ovvero per inoltrare richieste a mezzo di posta elettronica. Ci\u00f2 comporta l\u2019acquisizione da parte della Societ\u00e0 dell\u2019indirizzo del mittente e\/o di altri eventuali dati personali che saranno trattati esclusivamente per rispondere alle richieste effettuate ovvero per l\u2019erogazione del servizio richiesto. In tutti i casi, prima di procedere all\u2019attivazione di un determinato servizio sar\u00e0 fornita idonea informativa e, ove necessario, acquisito il relativo consenso al trattamento dei dati personali. Tale consenso potr\u00e0 essere in seguito revocato in qualsiasi momento, facendo decadere la possibilit\u00e0 di utilizzo del servizio in questione.<\/p><p>Come sopra richiamato, l\u2019informativa che precisa meglio, nei termini di legge, le finalit\u00e0 e le modalit\u00e0 del trattamento \u00e8 visualizzabile nelle pagine delle sezioni del Sito che consentono l\u2019invio di dati da parte degli utenti.<\/p><p>\u00a0<\/p><h3><strong>2. Modalit\u00e0 del trattamento<\/strong><\/h3><p>Il trattamento dei dati avverr\u00e0 nel pieno rispetto dei principi di riservatezza, correttezza, necessit\u00e0, pertinenza, liceit\u00e0 e trasparenza imposti dal Codice.<\/p><p>I dati personali verranno trattati sia manualmente, con supporti cartacei, sia con strumenti informatici e telematici, per il tempo necessario al conseguimento degli scopi per cui sono stati raccolti.<\/p><p>Specifiche misure di sicurezza sono osservate per prevenire la perdita dei dati, usi illeciti o non corretti degli stessi ed accessi non autorizzati.<\/p><p>In ogni caso, si informa l\u2019utente che la trasmissione di dati tramite Internet non pu\u00f2 raggiungere livelli di sicurezza assoluti.<\/p><p>\u00c8 onere del navigatore verificare la correttezza dei dati personali che lo riguardano ed eventualmente procedere alla rettifica, aggiornamento o, comunque, modifica dei dati nel corso del trattamento.<\/p><p>\u00a0<\/p><h3><strong>3. Natura del conferimento dei dati e conseguenze del rifiuto<\/strong><\/h3><p>A parte quanto specificato per i dati di navigazione che vengono raccolti automaticamente dal sistema e per l\u2019operativit\u00e0 dei cookies, alla cui informativa si rimanda, l\u2019utente \u00e8 libero di fornire o meno i dati personali richiesti nei moduli di richiesta di iscrizione e di servizi offerti presenti nelle pagine delle sezioni del Sito.<\/p><p>L\u2019eventuale rifiuto non comporta alcuna conseguenza, salvo naturalmente l\u2019impossibilit\u00e0 di accedere ad eventuali servizi offerti o di ottenere informazioni pi\u00f9 particolareggiate sulle attivit\u00e0 della Societ\u00e0.<\/p><h3>\u00a0<\/h3><h3>Ambito di comunicazione e diffusione<\/h3><p>I trattamenti connessi ai servizi web di questo Sito hanno luogo presso la sede della Societ\u00e0 esclusivamente a cura del personale incaricato dall\u2019azienda, con le modalit\u00e0 e le finalit\u00e0 indicate nelle precedenti sezioni.<\/p><p>Nessun dato derivante dall\u2019iscrizione ai servizi erogati a mezzo web viene comunicato o diffuso a terzi, se non all\u2019interno dell\u2019organizzazione della Societ\u00e0 ed, eventualmente, a societ\u00e0 controllate o collegate, esclusivamente per il perseguimento delle finalit\u00e0 sopraindicate.<\/p><p>I dati personali relativi alla navigazione non sono n\u00e9 comunicati n\u00e9 diffusi a terzi. I dati personali forniti dagli utenti che inoltrano richieste di informazioni alle diverse caselle di posta elettronica presenti nel Sito, utilizzati al solo fine di fornire le risposte o prestazioni richieste, saranno comunicati a terzi nel solo caso in cui ci\u00f2 sia a tal fine necessario.<\/p><h3>\u00a0<\/h3><h3>Titolare e responsabili del trattamento<\/h3><p>Il Titolare del trattamento dei dati \u00e8 la societ\u00e0:<br \/>SCUOLA DELLA MISERICORDIA DI VENEZIA S.P.A. \u2013 Via Colombara 113 \u2013 30176 Marghera -Venezia (VE)<br \/>Codice Fiscale 03906690270; Partita IVA 04681350270<br \/>Iscrizione al Registro delle Imprese di Venezia n. 03906690270<br \/>Numero REA: VE \u2013 348650<br \/>Capitale sociale: euro 900.000,00 di cui versato euro 765.000,00<br \/>Tel.: +39 041.2587365; Fax: +39 041.2587415; Cell. +39 3351685700<br \/>e-mail:\u00a0<a href=\"mailto:info@misericordiadivenezia.it\">info@misericordiadivenezia.it<\/a>; PEC\u00a0<a href=\"mailto:smv@legalmail.it\">smv@legalmail.it<\/a><\/p><h3>\u00a0<\/h3><h3>Diritti dell\u2019interessato<\/h3><p>In ogni momento sar\u00e0 possibile \u2013 senza formalit\u00e0 alcuna \u2013 esercitare i diritti di cui all\u2019art. 7 del Codice della privacy (anche utilizzando l\u2019apposito modulo per l\u2019istanza messo a disposizione dal Garante su\u00a0<a href=\"http:\/\/www.garanteprivacy.it\/\">www.garanteprivacy.it<\/a>), che per utilit\u00e0 \u00e8 riportato integralmente di seguito. L\u2019esercizio dei diritti non \u00e8 soggetto ad alcun vincolo di forma.<\/p><p>\u00a0<\/p><p><strong>TESTO ARTICOLO 7 DEL CODICE DELLA PRIVACY<\/strong><\/p><p><em>Art. 7 (Diritto di accesso ai dati personali ed altri diritti)<\/em><\/p><ol><li><em>L\u2019interessato ha diritto di ottenere la conferma dell\u2019esistenza o meno di dati personali che lo riguardano, anche se non ancora registrati, e la loro comunicazione in forma intelligibile.<br \/><br \/><\/em><\/li><li><em>L\u2019interessato ha diritto di ottenere l\u2019indicazione:<br \/><\/em><em>a) dell\u2019origine dei dati personali;<br \/><\/em><em>b) delle finalit\u00e0 e modalit\u00e0 del trattamento;<br \/><\/em><em>c) della logica applicata in caso di trattamento effettuato con l\u2019ausilio di strumenti elettronici;<br \/><\/em><em>d) degli estremi identificativi del titolare, dei responsabili e del rappresentante designato ai sensi dell\u2019articolo 5, comma 2;<br \/><\/em><em>e) dei soggetti o delle categorie di soggetti ai quali i dati personali possono essere comunicati o che possono venirne a conoscenza in qualit\u00e0 di rappresentante designato nel territorio dello Stato, di responsabili o incaricati.<br \/><br \/><\/em><\/li><li><em>L\u2019interessato ha diritto di ottenere:<br \/><\/em><em>a) l\u2019aggiornamento, la rettificazione ovvero, quando vi ha interesse, l\u2019integrazione dei dati;<br \/><\/em><em>b) la cancellazione, la trasformazione in forma anonima o il blocco dei dati trattati in violazione di legge, compresi quelli di cui non \u00e8 necessaria la conservazione in relazione agli scopi per i quali i dati sono stati raccolti o successivamente trattati;<br \/><\/em><em>c) l\u2019attestazione che le operazioni di cui alle lettere a) e b) sono state portate a conoscenza, anche per quanto riguarda il loro contenuto, di coloro ai quali i dati sono stati comunicati o diffusi, eccettuato il caso in cui tale adempimento si rivela impossibile o comporta un impiego di mezzi manifestamente sproporzionato rispetto al diritto tutelato.<br \/><br \/><\/em><\/li><li><em>L\u2019interessato ha diritto di opporsi, in tutto o in parte:<br \/><\/em><em>a) per motivi legittimi al trattamento dei dati personali che lo riguardano, ancorch\u00e9 pertinenti allo scopo della raccolta;<br \/><\/em><em>b) al trattamento di dati personali che lo riguardano a fini di invio di materiale pubblicitario o di vendita diretta o per il compimento di ricerche di mercato o di comunicazione commerciale.<\/em><\/li><\/ol><p>\u00a0<\/p><p>Per ciascuna richiesta di cui all\u2019art. 7 del D.Lgs. n. 196 del 2003, pu\u00f2 essere chiesto all\u2019interessato, ove non risulti confermata l\u2019esistenza di dati che lo riguardano, un contributo spese, non superiore ai costi effettivamente sopportati, secondo le modalit\u00e0 ed entro i limiti stabiliti dal D.Lgs. n. 196 del 2003, art. 10, commi 7, 8 e 9.<\/p><p>\u00a0<\/p><p>I diritti riferiti ai dati personali concernenti persone decedute, possono essere esercitati da chiunque vi abbia interesse. Nell\u2019esercizio dei diritti di cui all\u2019art. 7, l\u2019interessato pu\u00f2 conferire, per iscritto, delega o procura a persone fisiche oppure ad associazioni.<\/p><p>\u00a0<\/p><p>Per esercitare i diritti previsti dall\u2019art. 7 del D.Lgs. n. 196 del 2003, nonch\u00e9 per eventuali quesiti riguardanti la protezione dei dati personali, l\u2019interessato dovr\u00e0 rivolgere la propria richiesta al Titolare del trattamento all\u2019indirizzo Scuola della Misericordia di Venezia S.p.A. \u2013 Via Colombara 113 \u2013 30176 Marghera-Venezia (VE) o per via telematica al seguente indirizzo e-mail:\u00a0<a href=\"mailto:privacy@misericordiadivenezia.it\">privacy@misericordiadivenezia.it<\/a>.<\/p><p>\u00a0<\/p><p>Si prega di indicare nell\u2019oggetto della comunicazione che si tratta di richiesta ex art. 7 del D.Lgs. n. 196 del 2003.<\/p><p>\u00a0<\/p><p><strong>SCUOLA DELLA MISERICORDIA DI VENEZIA S.p.A.<\/strong><\/p><\/div>\t\t\t\t\t\t\t\t<\/div>\n\t\t\t\t<\/div>\n\t\t\t\t<\/div>\n\t\t\t\t<\/div>\n\t\t\t\t<\/div>\n\t\t","protected":false},"excerpt":{"rendered":"<p>Privacy Policy Poich\u00e9 il presente sito internet (di seguito, il \u201cSito\u201d) \u00e8 utilizzato, oltre che come mezzo di informazione sulla societ\u00e0 SCUOLA DELLA MISERICORDIA DI VENEZIA S.p.A. (la &#8220;Societ\u00e0\u201d), anche come strumento di raccolta dati, l\u2019informativa \u00e8 resa anche ai sensi e per gli effetti dell\u2019art. 13 del Decreto Legislativo n. 196 del 30 giugno [&hellip;]<\/p>\n","protected":false},"author":2,"featured_media":0,"parent":0,"menu_order":102,"comment_status":"closed","ping_status":"closed","template":"","meta":{"_acf_changed":false,"footnotes":""},"class_list":["post-3061","page","type-page","status-publish","hentry"],"acf":[],"yoast_head":"<!-- This site is optimized with the Yoast SEO plugin v26.4 - https:\/\/yoast.com\/wordpress\/plugins\/seo\/ -->\n<title>Privacy Policy - Misericordia di Venezia<\/title>\n<meta name=\"robots\" content=\"index, follow, max-snippet:-1, max-image-preview:large, max-video-preview:-1\" \/>\n<link rel=\"canonical\" href=\"https:\/\/www.misericordiadivenezia.it\/it\/privacy-policy\/\" \/>\n<meta property=\"og:locale\" content=\"it_IT\" \/>\n<meta property=\"og:type\" content=\"article\" \/>\n<meta property=\"og:title\" content=\"Privacy Policy - Misericordia di Venezia\" \/>\n<meta property=\"og:description\" content=\"Privacy Policy Poich\u00e9 il presente sito internet (di seguito, il \u201cSito\u201d) \u00e8 utilizzato, oltre che come mezzo di informazione sulla societ\u00e0 SCUOLA DELLA MISERICORDIA DI VENEZIA S.p.A. (la &#8220;Societ\u00e0\u201d), anche come strumento di raccolta dati, l\u2019informativa \u00e8 resa anche ai sensi e per gli effetti dell\u2019art. 13 del Decreto Legislativo n. 196 del 30 giugno [&hellip;]\" \/>\n<meta property=\"og:url\" content=\"https:\/\/www.misericordiadivenezia.it\/it\/privacy-policy\/\" \/>\n<meta property=\"og:site_name\" content=\"Misericordia di Venezia\" \/>\n<meta property=\"article:modified_time\" content=\"2024-08-27T16:08:50+00:00\" \/>\n<meta name=\"twitter:card\" content=\"summary_large_image\" \/>\n<meta name=\"twitter:label1\" content=\"Tempo di lettura stimato\" \/>\n\t<meta name=\"twitter:data1\" content=\"10 minuti\" \/>\n<script type=\"application\/ld+json\" class=\"yoast-schema-graph\">{\"@context\":\"https:\/\/schema.org\",\"@graph\":[{\"@type\":\"WebPage\",\"@id\":\"https:\/\/www.misericordiadivenezia.it\/it\/privacy-policy\/\",\"url\":\"https:\/\/www.misericordiadivenezia.it\/it\/privacy-policy\/\",\"name\":\"Privacy Policy - Misericordia di Venezia\",\"isPartOf\":{\"@id\":\"https:\/\/www.misericordiadivenezia.it\/en\/#website\"},\"datePublished\":\"2024-08-27T15:51:23+00:00\",\"dateModified\":\"2024-08-27T16:08:50+00:00\",\"breadcrumb\":{\"@id\":\"https:\/\/www.misericordiadivenezia.it\/it\/privacy-policy\/#breadcrumb\"},\"inLanguage\":\"it-IT\",\"potentialAction\":[{\"@type\":\"ReadAction\",\"target\":[\"https:\/\/www.misericordiadivenezia.it\/it\/privacy-policy\/\"]}]},{\"@type\":\"BreadcrumbList\",\"@id\":\"https:\/\/www.misericordiadivenezia.it\/it\/privacy-policy\/#breadcrumb\",\"itemListElement\":[{\"@type\":\"ListItem\",\"position\":1,\"name\":\"Home\",\"item\":\"https:\/\/www.misericordiadivenezia.it\/it\/\"},{\"@type\":\"ListItem\",\"position\":2,\"name\":\"Privacy Policy\"}]},{\"@type\":\"WebSite\",\"@id\":\"https:\/\/www.misericordiadivenezia.it\/en\/#website\",\"url\":\"https:\/\/www.misericordiadivenezia.it\/en\/\",\"name\":\"Scuola Grande di Santa Maria della Misericordia\",\"description\":\"Il pi\u00f9 grande spazio dedicato agli eventi culturali a Venezia\",\"publisher\":{\"@id\":\"https:\/\/www.misericordiadivenezia.it\/en\/#organization\"},\"potentialAction\":[{\"@type\":\"SearchAction\",\"target\":{\"@type\":\"EntryPoint\",\"urlTemplate\":\"https:\/\/www.misericordiadivenezia.it\/en\/?s={search_term_string}\"},\"query-input\":{\"@type\":\"PropertyValueSpecification\",\"valueRequired\":true,\"valueName\":\"search_term_string\"}}],\"inLanguage\":\"it-IT\"},{\"@type\":\"Organization\",\"@id\":\"https:\/\/www.misericordiadivenezia.it\/en\/#organization\",\"name\":\"Scuola Grande di Santa Maria della Misericordia\",\"url\":\"https:\/\/www.misericordiadivenezia.it\/en\/\",\"logo\":{\"@type\":\"ImageObject\",\"inLanguage\":\"it-IT\",\"@id\":\"https:\/\/www.misericordiadivenezia.it\/en\/#\/schema\/logo\/image\/\",\"url\":\"https:\/\/www.misericordiadivenezia.it\/wp-content\/uploads\/2024\/07\/logo-MISERICORDIA-white.svg\",\"contentUrl\":\"https:\/\/www.misericordiadivenezia.it\/wp-content\/uploads\/2024\/07\/logo-MISERICORDIA-white.svg\",\"width\":309,\"height\":71,\"caption\":\"Scuola Grande di Santa Maria della Misericordia\"},\"image\":{\"@id\":\"https:\/\/www.misericordiadivenezia.it\/en\/#\/schema\/logo\/image\/\"}}]}<\/script>\n<!-- \/ Yoast SEO plugin. -->","yoast_head_json":{"title":"Privacy Policy - Misericordia di Venezia","robots":{"index":"index","follow":"follow","max-snippet":"max-snippet:-1","max-image-preview":"max-image-preview:large","max-video-preview":"max-video-preview:-1"},"canonical":"https:\/\/www.misericordiadivenezia.it\/it\/privacy-policy\/","og_locale":"it_IT","og_type":"article","og_title":"Privacy Policy - Misericordia di Venezia","og_description":"Privacy Policy Poich\u00e9 il presente sito internet (di seguito, il \u201cSito\u201d) \u00e8 utilizzato, oltre che come mezzo di informazione sulla societ\u00e0 SCUOLA DELLA MISERICORDIA DI VENEZIA S.p.A. (la &#8220;Societ\u00e0\u201d), anche come strumento di raccolta dati, l\u2019informativa \u00e8 resa anche ai sensi e per gli effetti dell\u2019art. 13 del Decreto Legislativo n. 196 del 30 giugno [&hellip;]","og_url":"https:\/\/www.misericordiadivenezia.it\/it\/privacy-policy\/","og_site_name":"Misericordia di Venezia","article_modified_time":"2024-08-27T16:08:50+00:00","twitter_card":"summary_large_image","twitter_misc":{"Tempo di lettura stimato":"10 minuti"},"schema":{"@context":"https:\/\/schema.org","@graph":[{"@type":"WebPage","@id":"https:\/\/www.misericordiadivenezia.it\/it\/privacy-policy\/","url":"https:\/\/www.misericordiadivenezia.it\/it\/privacy-policy\/","name":"Privacy Policy - Misericordia di Venezia","isPartOf":{"@id":"https:\/\/www.misericordiadivenezia.it\/en\/#website"},"datePublished":"2024-08-27T15:51:23+00:00","dateModified":"2024-08-27T16:08:50+00:00","breadcrumb":{"@id":"https:\/\/www.misericordiadivenezia.it\/it\/privacy-policy\/#breadcrumb"},"inLanguage":"it-IT","potentialAction":[{"@type":"ReadAction","target":["https:\/\/www.misericordiadivenezia.it\/it\/privacy-policy\/"]}]},{"@type":"BreadcrumbList","@id":"https:\/\/www.misericordiadivenezia.it\/it\/privacy-policy\/#breadcrumb","itemListElement":[{"@type":"ListItem","position":1,"name":"Home","item":"https:\/\/www.misericordiadivenezia.it\/it\/"},{"@type":"ListItem","position":2,"name":"Privacy Policy"}]},{"@type":"WebSite","@id":"https:\/\/www.misericordiadivenezia.it\/en\/#website","url":"https:\/\/www.misericordiadivenezia.it\/en\/","name":"Scuola Grande di Santa Maria della Misericordia","description":"Il pi\u00f9 grande spazio dedicato agli eventi culturali a Venezia","publisher":{"@id":"https:\/\/www.misericordiadivenezia.it\/en\/#organization"},"potentialAction":[{"@type":"SearchAction","target":{"@type":"EntryPoint","urlTemplate":"https:\/\/www.misericordiadivenezia.it\/en\/?s={search_term_string}"},"query-input":{"@type":"PropertyValueSpecification","valueRequired":true,"valueName":"search_term_string"}}],"inLanguage":"it-IT"},{"@type":"Organization","@id":"https:\/\/www.misericordiadivenezia.it\/en\/#organization","name":"Scuola Grande di Santa Maria della Misericordia","url":"https:\/\/www.misericordiadivenezia.it\/en\/","logo":{"@type":"ImageObject","inLanguage":"it-IT","@id":"https:\/\/www.misericordiadivenezia.it\/en\/#\/schema\/logo\/image\/","url":"https:\/\/www.misericordiadivenezia.it\/wp-content\/uploads\/2024\/07\/logo-MISERICORDIA-white.svg","contentUrl":"https:\/\/www.misericordiadivenezia.it\/wp-content\/uploads\/2024\/07\/logo-MISERICORDIA-white.svg","width":309,"height":71,"caption":"Scuola Grande di Santa Maria della Misericordia"},"image":{"@id":"https:\/\/www.misericordiadivenezia.it\/en\/#\/schema\/logo\/image\/"}}]}},"_links":{"self":[{"href":"https:\/\/www.misericordiadivenezia.it\/it\/wp-json\/wp\/v2\/pages\/3061","targetHints":{"allow":["GET"]}}],"collection":[{"href":"https:\/\/www.misericordiadivenezia.it\/it\/wp-json\/wp\/v2\/pages"}],"about":[{"href":"https:\/\/www.misericordiadivenezia.it\/it\/wp-json\/wp\/v2\/types\/page"}],"author":[{"embeddable":true,"href":"https:\/\/www.misericordiadivenezia.it\/it\/wp-json\/wp\/v2\/users\/2"}],"replies":[{"embeddable":true,"href":"https:\/\/www.misericordiadivenezia.it\/it\/wp-json\/wp\/v2\/comments?post=3061"}],"version-history":[{"count":3,"href":"https:\/\/www.misericordiadivenezia.it\/it\/wp-json\/wp\/v2\/pages\/3061\/revisions"}],"predecessor-version":[{"id":3084,"href":"https:\/\/www.misericordiadivenezia.it\/it\/wp-json\/wp\/v2\/pages\/3061\/revisions\/3084"}],"wp:attachment":[{"href":"https:\/\/www.misericordiadivenezia.it\/it\/wp-json\/wp\/v2\/media?parent=3061"}],"curies":[{"name":"wp","href":"https:\/\/api.w.org\/{rel}","templated":true}]}}